{"id":2596,"date":"2019-09-18T21:53:14","date_gmt":"2019-09-18T19:53:14","guid":{"rendered":"https:\/\/www.grafschaftslauf.de\/web\/?page_id=2596"},"modified":"2022-03-16T11:12:29","modified_gmt":"2022-03-16T10:12:29","slug":"helfer","status":"publish","type":"page","link":"https:\/\/www.grafschaftslauf.de\/web\/helfer\/","title":{"rendered":"Helfer"},"content":{"rendered":"<h3><strong>Der neue Grafschaftslauf ist eine tolle Idee \u2013 aber ohne Euch l\u00e4uft nix \u2013 Helfer gesucht!<\/strong><\/h3>\n<p>&nbsp;<\/p>\n<p>Einen Landschaftslauf unterst\u00fctzt und gef\u00f6rdert von drei Kommunen &#8211; so etwas hat es in Ostwestfalen bisher noch nicht gegeben!<\/p>\n<p>Am letzten Sonntag im August findet der Grafschaftslauf statt. Die Veranstaltung dient der (historischen) Identifikation mit der Heimat, der Gesundheitsfo\u0308rderung und der interkommunalen Zusammenarbeit. Der Lauf soll historisch bedeutsame Orte der Grafschaft Rietberg verbinden. Start ist auf dem Gut Rietberg, wo den La\u0308ufern und Zuschauern die Allee vor historischen Geba\u0308uden als eine besondere Kulisse geboten wird. Im Wegeverlauf werden grafschaftliche Orte einbezogen wie die St.- Johannes-Nepomuk-Kapelle und Haus Mu\u0308nte in Rietberg, die katholische Pfarrkirche St. Maria Immaculata in Kaunitz, der Holter Wald und das Jagdschloss Holte in Schlo\u00df Holte-Stukenbrock als Zielort.<\/p>\n<p><strong>Mit Eurem L\u00e4cheln und Eurer Anfeuerung begleitet Ihr die L\u00e4ufer auf dem langen Weg vom Start bis ins Ziel<\/strong><\/p>\n<p>F\u00fcr die Durchf\u00fchrung dieses neuen Laufes ben\u00f6tigen wir die Unterst\u00fctzung von rund 330 freiwilligen Helfer\/-innen, die uns bei der Organisation, Planung und Durchf\u00fchrung begleiten und unterst\u00fctzen. Ob allein oder in der Gruppe, Verein oder Unternehmen \u2013 jeder ist Willkommen und kann Teil eines neues, historischen Laufevent werden.<\/p>\n<p><strong><img loading=\"lazy\" decoding=\"async\" class=\"wp-image-3011 aligncenter\" src=\"https:\/\/www.grafschaftslauf.de\/web\/wp-content\/uploads\/2022\/03\/2021.08.29_Grafschaftslauf-Vers._RSC022-1024x678.jpg\" alt=\"\" width=\"514\" height=\"341\" \/><\/strong><\/p>\n<p><strong>Unser Dankesch\u00f6n<\/strong><\/p>\n<p>F\u00fcr Deinen Einsatz bekommst Du ein tolles Funktions-Helfer-Shirt vom Grafschafslauf, Verpflegung w\u00e4hrend Deiner Helfert\u00e4tigkeit, eine Einladung zur Helferparty und wenn gew\u00fcnscht ein Zertifikat \u00fcber die ehrenamtliche T\u00e4tigkeit.<\/p>\n<p><code class=\"rs-example-alias-1\">\n<div id=\"rev_slider_3_1_wrapper\" class=\"rev_slider_wrapper fullwidthbanner-container\" data-source=\"gallery\" style=\"margin:0px auto;background:transparent;padding:0px;margin-top:0px;margin-bottom:0px;\">\n<!-- START REVOLUTION SLIDER 5.4.8.3 auto mode -->\n\t<div id=\"rev_slider_3_1\" class=\"rev_slider fullwidthabanner\" style=\"display:none;\" data-version=\"5.4.8.3\">\n<ul>\t<!-- SLIDE  -->\n\t<li data-index=\"rs-15\" data-transition=\"fade\" data-slotamount=\"default\" data-hideafterloop=\"0\" data-hideslideonmobile=\"off\"  data-easein=\"default\" data-easeout=\"default\" data-masterspeed=\"300\"  data-rotate=\"0\"  data-saveperformance=\"off\"  data-title=\"Slide\" data-param1=\"\" data-param2=\"\" data-param3=\"\" data-param4=\"\" data-param5=\"\" data-param6=\"\" data-param7=\"\" data-param8=\"\" data-param9=\"\" data-param10=\"\" data-description=\"\">\n\t\t<!-- MAIN IMAGE -->\n\t\t<img loading=\"lazy\" decoding=\"async\" src=\"https:\/\/www.grafschaftslauf.de\/web\/wp-content\/uploads\/2022\/03\/2021.08.29_Grafschaftslauf-Vers._RSC025-scaled-e1647425751146.jpg\"  alt=\"\" title=\"2021.08.29_Grafschaftslauf-Vers._RSC025\"  width=\"1000\" height=\"645\" data-bgposition=\"center center\" data-bgfit=\"cover\" data-bgrepeat=\"no-repeat\" class=\"rev-slidebg\" data-no-retina>\n\t\t<!-- LAYERS -->\n\t<\/li>\n\t<!-- SLIDE  -->\n\t<li data-index=\"rs-16\" data-transition=\"fade\" data-slotamount=\"default\" data-hideafterloop=\"0\" data-hideslideonmobile=\"off\"  data-easein=\"default\" data-easeout=\"default\" data-masterspeed=\"300\"  data-rotate=\"0\"  data-saveperformance=\"off\"  data-title=\"Slide\" data-param1=\"\" data-param2=\"\" data-param3=\"\" data-param4=\"\" data-param5=\"\" data-param6=\"\" data-param7=\"\" data-param8=\"\" data-param9=\"\" data-param10=\"\" data-description=\"\">\n\t\t<!-- MAIN IMAGE -->\n\t\t<img loading=\"lazy\" decoding=\"async\" src=\"https:\/\/www.grafschaftslauf.de\/web\/wp-content\/uploads\/2022\/03\/DSC_1530-scaled-e1647425836493.jpg\"  alt=\"\" title=\"DSC_1530\"  width=\"1000\" height=\"667\" data-bgposition=\"center center\" data-bgfit=\"cover\" data-bgrepeat=\"no-repeat\" class=\"rev-slidebg\" data-no-retina>\n\t\t<!-- LAYERS -->\n\t<\/li>\n\t<!-- SLIDE  -->\n\t<li data-index=\"rs-17\" data-transition=\"fade\" data-slotamount=\"default\" data-hideafterloop=\"0\" data-hideslideonmobile=\"off\"  data-easein=\"default\" data-easeout=\"default\" data-masterspeed=\"300\"  data-rotate=\"0\"  data-saveperformance=\"off\"  data-title=\"Slide\" data-param1=\"\" data-param2=\"\" data-param3=\"\" data-param4=\"\" data-param5=\"\" data-param6=\"\" data-param7=\"\" data-param8=\"\" data-param9=\"\" data-param10=\"\" data-description=\"\">\n\t\t<!-- MAIN IMAGE -->\n\t\t<img loading=\"lazy\" decoding=\"async\" src=\"https:\/\/www.grafschaftslauf.de\/web\/wp-content\/uploads\/2022\/03\/DSC_3700-scaled-e1647425904374.jpg\"  alt=\"\" title=\"DSC_3700\"  width=\"1000\" height=\"667\" data-bgposition=\"center center\" data-bgfit=\"cover\" data-bgrepeat=\"no-repeat\" class=\"rev-slidebg\" data-no-retina>\n\t\t<!-- LAYERS -->\n\t<\/li>\n\t<!-- SLIDE  -->\n\t<li data-index=\"rs-18\" data-transition=\"fade\" data-slotamount=\"default\" data-hideafterloop=\"0\" data-hideslideonmobile=\"off\"  data-easein=\"default\" data-easeout=\"default\" data-masterspeed=\"300\"  data-rotate=\"0\"  data-saveperformance=\"off\"  data-title=\"Slide\" data-param1=\"\" data-param2=\"\" data-param3=\"\" data-param4=\"\" data-param5=\"\" data-param6=\"\" data-param7=\"\" data-param8=\"\" data-param9=\"\" data-param10=\"\" data-description=\"\">\n\t\t<!-- MAIN IMAGE -->\n\t\t<img loading=\"lazy\" decoding=\"async\" src=\"https:\/\/www.grafschaftslauf.de\/web\/wp-content\/uploads\/2022\/03\/2021.08.29_Grafschaftslauf-Vers._RSC022-scaled-e1647425980960.jpg\"  alt=\"\" title=\"2021.08.29_Grafschaftslauf-Vers._RSC022\"  width=\"1000\" height=\"663\" data-bgposition=\"center center\" data-bgfit=\"cover\" data-bgrepeat=\"no-repeat\" class=\"rev-slidebg\" data-no-retina>\n\t\t<!-- LAYERS -->\n\t<\/li>\n\t<!-- SLIDE  -->\n\t<li data-index=\"rs-19\" data-transition=\"fade\" data-slotamount=\"default\" data-hideafterloop=\"0\" data-hideslideonmobile=\"off\"  data-easein=\"default\" data-easeout=\"default\" data-masterspeed=\"300\"  data-rotate=\"0\"  data-saveperformance=\"off\"  data-title=\"Slide\" data-param1=\"\" data-param2=\"\" data-param3=\"\" data-param4=\"\" data-param5=\"\" data-param6=\"\" data-param7=\"\" data-param8=\"\" data-param9=\"\" data-param10=\"\" data-description=\"\">\n\t\t<!-- MAIN IMAGE -->\n\t\t<img loading=\"lazy\" decoding=\"async\" src=\"https:\/\/www.grafschaftslauf.de\/web\/wp-content\/uploads\/2022\/03\/2021.08.29_Grafschaftslauf-Vers._RSC016-scaled-e1647426005334.jpg\"  alt=\"\" title=\"2021.08.29_Grafschaftslauf-Vers._RSC016\"  width=\"1000\" height=\"663\" data-bgposition=\"center center\" data-bgfit=\"cover\" data-bgrepeat=\"no-repeat\" class=\"rev-slidebg\" data-no-retina>\n\t\t<!-- LAYERS -->\n\t<\/li>\n<\/ul>\n<div class=\"tp-bannertimer tp-bottom\" style=\"visibility: hidden !important;\"><\/div>\t<\/div>\n<script>var htmlDiv = document.getElementById(\"rs-plugin-settings-inline-css\"); var htmlDivCss=\"\";\n\t\t\t\tif(htmlDiv) {\n\t\t\t\t\thtmlDiv.innerHTML = htmlDiv.innerHTML + htmlDivCss;\n\t\t\t\t}else{\n\t\t\t\t\tvar htmlDiv = document.createElement(\"div\");\n\t\t\t\t\thtmlDiv.innerHTML = \"<style>\" + htmlDivCss + \"<\/style>\";\n\t\t\t\t\tdocument.getElementsByTagName(\"head\")[0].appendChild(htmlDiv.childNodes[0]);\n\t\t\t\t}\n\t\t\t<\/script>\n\t\t<script type=\"text\/javascript\">\nif (setREVStartSize!==undefined) setREVStartSize(\n\t{c: '#rev_slider_3_1', gridwidth: [1240], gridheight: [868], sliderLayout: 'auto'});\n\t\t\t\nvar revapi3,\n\ttpj;\t\n(function() {\t\t\t\n\tif (!\/loaded|interactive|complete\/.test(document.readyState)) document.addEventListener(\"DOMContentLoaded\",onLoad); else onLoad();\t\n\tfunction onLoad() {\t\t\t\t\n\t\tif (tpj===undefined) { tpj = jQuery; if(\"off\" == \"on\") tpj.noConflict();}\n\tif(tpj(\"#rev_slider_3_1\").revolution == undefined){\n\t\trevslider_showDoubleJqueryError(\"#rev_slider_3_1\");\n\t}else{\n\t\trevapi3 = tpj(\"#rev_slider_3_1\").show().revolution({\n\t\t\tsliderType:\"standard\",\n\t\t\tjsFileLocation:\"\/\/www.grafschaftslauf.de\/web\/wp-content\/plugins\/revslider\/public\/assets\/js\/\",\n\t\t\tsliderLayout:\"auto\",\n\t\t\tdottedOverlay:\"none\",\n\t\t\tdelay:9000,\n\t\t\tnavigation: {\n\t\t\t\tonHoverStop:\"off\",\n\t\t\t},\n\t\t\tvisibilityLevels:[1240,1024,778,480],\n\t\t\tgridwidth:1240,\n\t\t\tgridheight:868,\n\t\t\tlazyType:\"none\",\n\t\t\tshadow:0,\n\t\t\tspinner:\"spinner0\",\n\t\t\tstopLoop:\"off\",\n\t\t\tstopAfterLoops:-1,\n\t\t\tstopAtSlide:-1,\n\t\t\tshuffle:\"off\",\n\t\t\tautoHeight:\"off\",\n\t\t\tdisableProgressBar:\"on\",\n\t\t\thideThumbsOnMobile:\"off\",\n\t\t\thideSliderAtLimit:0,\n\t\t\thideCaptionAtLimit:0,\n\t\t\thideAllCaptionAtLilmit:0,\n\t\t\tdebugMode:false,\n\t\t\tfallbacks: {\n\t\t\t\tsimplifyAll:\"off\",\n\t\t\t\tnextSlideOnWindowFocus:\"off\",\n\t\t\t\tdisableFocusListener:false,\n\t\t\t}\n\t\t});\n\t}; \/* END OF revapi call *\/\n\t\n }; \/* END OF ON LOAD FUNCTION *\/\n}()); \/* END OF WRAPPING FUNCTION *\/\n<\/script>\n\t\t<\/div><!-- END REVOLUTION SLIDER --><\/code><\/p>\n<p>Vereine mit mindestens 10 Helfern erhalten zus\u00e4tzlich von uns einen Zuschuss f\u00fcr die n\u00e4chste Weihnachts-, oder Vereinsfeier.<\/p>\n<p>Wir brauchen Hilfe in folgenden Einsatzbereichen:<\/p>\n<ul>\n<li>Startaufstellung<\/li>\n<li>Streckenposten<\/li>\n<li>Streckenverpflegung<\/li>\n<li>Medaillen\u00fcbergabe<\/li>\n<li>Zielverpflegung<\/li>\n<li>Kleiderbeutelausgabe<\/li>\n<li>Kleiderbeutellogistik<\/li>\n<li>Buskoordination<\/li>\n<li>Teamleiter<\/li>\n<\/ul>\n<p>Als Helfer solltest Du mindestens 14 Jahre alt sein. F\u00fcr einige, wenige Bereiche wie z.B. die Streckensicherung ist ein Mindestalter von 18 Jahren erforderlich.<\/p>\n<p>Haben wir Dein Interesse geweckt? Dann meldet Euch telefonisch bei Thorsten N\u00f6thling unter 0163-4191027 oder per Mail an: <a href=\"mailto:kontakt@grafschaftslauf.de\">kontakt@grafschaftslauf.de<\/a><\/p>\n","protected":false},"excerpt":{"rendered":"<p>Der neue Grafschaftslauf ist eine tolle Idee \u2013 aber ohne Euch l\u00e4uft nix \u2013 Helfer gesucht! &nbsp; Einen Landschaftslauf unterst\u00fctzt und gef\u00f6rdert von drei Kommunen &#8211; so etwas hat es [&hellip;]<\/p>\n","protected":false},"author":1,"featured_media":0,"parent":0,"menu_order":0,"comment_status":"closed","ping_status":"closed","template":"","meta":{"_bbp_topic_count":0,"_bbp_reply_count":0,"_bbp_total_topic_count":0,"_bbp_total_reply_count":0,"_bbp_voice_count":0,"_bbp_anonymous_reply_count":0,"_bbp_topic_count_hidden":0,"_bbp_reply_count_hidden":0,"_bbp_forum_subforum_count":0,"footnotes":""},"class_list":["post-2596","page","type-page","status-publish","hentry"],"_links":{"self":[{"href":"https:\/\/www.grafschaftslauf.de\/web\/wp-json\/wp\/v2\/pages\/2596"}],"collection":[{"href":"https:\/\/www.grafschaftslauf.de\/web\/wp-json\/wp\/v2\/pages"}],"about":[{"href":"https:\/\/www.grafschaftslauf.de\/web\/wp-json\/wp\/v2\/types\/page"}],"author":[{"embeddable":true,"href":"https:\/\/www.grafschaftslauf.de\/web\/wp-json\/wp\/v2\/users\/1"}],"replies":[{"embeddable":true,"href":"https:\/\/www.grafschaftslauf.de\/web\/wp-json\/wp\/v2\/comments?post=2596"}],"version-history":[{"count":12,"href":"https:\/\/www.grafschaftslauf.de\/web\/wp-json\/wp\/v2\/pages\/2596\/revisions"}],"predecessor-version":[{"id":3014,"href":"https:\/\/www.grafschaftslauf.de\/web\/wp-json\/wp\/v2\/pages\/2596\/revisions\/3014"}],"wp:attachment":[{"href":"https:\/\/www.grafschaftslauf.de\/web\/wp-json\/wp\/v2\/media?parent=2596"}],"curies":[{"name":"wp","href":"https:\/\/api.w.org\/{rel}","templated":true}]}}