{"id":2593,"date":"2019-09-18T21:52:11","date_gmt":"2019-09-18T19:52:11","guid":{"rendered":"https:\/\/www.grafschaftslauf.de\/web\/?page_id=2593"},"modified":"2025-09-05T12:43:07","modified_gmt":"2025-09-05T10:43:07","slug":"sponsoren","status":"publish","type":"page","link":"https:\/\/www.grafschaftslauf.de\/web\/sponsoren\/","title":{"rendered":"Sponsoren"},"content":{"rendered":"<p>[vc_row][vc_column][vc_column_text]<\/p>\n<h4>Der Grafschaftslauf wird pr\u00e4sentiert von Elli, SB-L\u00fcning und E-Center L\u00fcning<\/h4>\n<p>[\/vc_column_text][\/vc_column][\/vc_row][vc_row][vc_column][vc_column_text]\u00a0[\/vc_column_text][\/vc_column][\/vc_row][vc_row equal_height=&#8221;yes&#8221; content_placement=&#8221;middle&#8221;][vc_column width=&#8221;1\/3&#8243;][vc_column_text]<a href=\"https:\/\/www.elli-markt.de\/startseite\/\" target=\"_blank\" rel=\"noopener noreferrer\"><img loading=\"lazy\" decoding=\"async\" class=\"alignnone size-medium wp-image-2880\" src=\"https:\/\/www.grafschaftslauf.de\/web\/wp-content\/uploads\/2021\/02\/logo_elli-300x300.jpg\" alt=\"\" width=\"300\" height=\"300\" srcset=\"https:\/\/www.grafschaftslauf.de\/web\/wp-content\/uploads\/2021\/02\/logo_elli.jpg 300w, https:\/\/www.grafschaftslauf.de\/web\/wp-content\/uploads\/2021\/02\/logo_elli-150x150.jpg 150w\" sizes=\"(max-width: 300px) 100vw, 300px\" \/><\/a>[\/vc_column_text][\/vc_column][vc_column width=&#8221;1\/3&#8243;][vc_column_text]<a href=\"https:\/\/www.sb-luening.de\/startseite\/\" target=\"_blank\" rel=\"noopener noreferrer\"><img loading=\"lazy\" decoding=\"async\" class=\"alignnone size-medium wp-image-2882\" src=\"https:\/\/www.grafschaftslauf.de\/web\/wp-content\/uploads\/2021\/02\/logo_sb-300x300.jpg\" alt=\"\" width=\"300\" height=\"300\" srcset=\"https:\/\/www.grafschaftslauf.de\/web\/wp-content\/uploads\/2021\/02\/logo_sb.jpg 300w, https:\/\/www.grafschaftslauf.de\/web\/wp-content\/uploads\/2021\/02\/logo_sb-150x150.jpg 150w\" sizes=\"(max-width: 300px) 100vw, 300px\" \/><\/a>[\/vc_column_text][\/vc_column][vc_column width=&#8221;1\/3&#8243;][vc_column_text]<a href=\"https:\/\/www.edeka.de\/\" target=\"_blank\" rel=\"noopener noreferrer\"><img loading=\"lazy\" decoding=\"async\" class=\"alignnone size-medium wp-image-2881\" src=\"https:\/\/www.grafschaftslauf.de\/web\/wp-content\/uploads\/2021\/02\/edeka-300x300.jpg\" alt=\"\" width=\"300\" height=\"300\" srcset=\"https:\/\/www.grafschaftslauf.de\/web\/wp-content\/uploads\/2021\/02\/edeka.jpg 300w, https:\/\/www.grafschaftslauf.de\/web\/wp-content\/uploads\/2021\/02\/edeka-150x150.jpg 150w\" sizes=\"(max-width: 300px) 100vw, 300px\" \/><\/a>[\/vc_column_text][\/vc_column][\/vc_row][vc_row][vc_column][vc_column_text]\u00a0[\/vc_column_text][\/vc_column][\/vc_row][vc_row][vc_column][vc_column_text]\u00a0[\/vc_column_text][\/vc_column][\/vc_row][vc_row][vc_column][vc_column_text]<\/p>\n<h4>Weitere Sponsoren:<\/h4>\n<p>[\/vc_column_text][\/vc_column][\/vc_row][vc_row][vc_column][vc_column_text]\u00a0[\/vc_column_text][\/vc_column][\/vc_row][vc_row equal_height=&#8221;yes&#8221; content_placement=&#8221;middle&#8221;][vc_column width=&#8221;1\/4&#8243;][vc_column_text]<a href=\"https:\/\/www.volksbank-dr.de\/startseite.html\" target=\"_blank\" rel=\"noopener\"><img loading=\"lazy\" decoding=\"async\" class=\"alignnone size-full wp-image-3138\" src=\"https:\/\/www.grafschaftslauf.de\/web\/wp-content\/uploads\/2024\/08\/logo_volksbank_delbruek.jpg\" alt=\"\" width=\"300\" height=\"300\" srcset=\"https:\/\/www.grafschaftslauf.de\/web\/wp-content\/uploads\/2024\/08\/logo_volksbank_delbruek.jpg 300w, https:\/\/www.grafschaftslauf.de\/web\/wp-content\/uploads\/2024\/08\/logo_volksbank_delbruek-150x150.jpg 150w\" sizes=\"(max-width: 300px) 100vw, 300px\" \/><\/a>[\/vc_column_text][\/vc_column][vc_column width=&#8221;1\/4&#8243;][vc_column_text]<a href=\"https:\/\/www.westerbarkei.de\/\" target=\"_blank\" rel=\"noopener noreferrer\"><img loading=\"lazy\" decoding=\"async\" class=\"alignnone wp-image-2811 size-medium\" src=\"https:\/\/www.grafschaftslauf.de\/web\/wp-content\/uploads\/2020\/03\/logo_westerbarkei-300x300.jpg\" alt=\"\" width=\"300\" height=\"300\" srcset=\"https:\/\/www.grafschaftslauf.de\/web\/wp-content\/uploads\/2020\/03\/logo_westerbarkei.jpg 300w, https:\/\/www.grafschaftslauf.de\/web\/wp-content\/uploads\/2020\/03\/logo_westerbarkei-150x150.jpg 150w\" sizes=\"(max-width: 300px) 100vw, 300px\" \/><\/a>[\/vc_column_text][\/vc_column][vc_column width=&#8221;1\/4&#8243;][vc_column_text]<a href=\"https:\/\/www.huettenhoelscher.de\/\" target=\"_blank\" rel=\"noopener noreferrer\"><img loading=\"lazy\" decoding=\"async\" class=\"alignnone size-medium wp-image-2814\" src=\"https:\/\/www.grafschaftslauf.de\/web\/wp-content\/uploads\/2020\/03\/logo_huettenhoelscher-300x300.jpg\" alt=\"\" width=\"300\" height=\"300\" srcset=\"https:\/\/www.grafschaftslauf.de\/web\/wp-content\/uploads\/2020\/03\/logo_huettenhoelscher.jpg 300w, https:\/\/www.grafschaftslauf.de\/web\/wp-content\/uploads\/2020\/03\/logo_huettenhoelscher-150x150.jpg 150w\" sizes=\"(max-width: 300px) 100vw, 300px\" \/><\/a>[\/vc_column_text][\/vc_column][vc_column width=&#8221;1\/4&#8243;][vc_column_text]<a href=\"https:\/\/www.stadtwerke-shs.de\/\" target=\"_blank\" rel=\"noopener\"><img loading=\"lazy\" decoding=\"async\" class=\"alignnone size-full wp-image-3140\" src=\"https:\/\/www.grafschaftslauf.de\/web\/wp-content\/uploads\/2024\/08\/logo_stadtwerke_shs.jpg\" alt=\"\" width=\"300\" height=\"300\" srcset=\"https:\/\/www.grafschaftslauf.de\/web\/wp-content\/uploads\/2024\/08\/logo_stadtwerke_shs.jpg 300w, https:\/\/www.grafschaftslauf.de\/web\/wp-content\/uploads\/2024\/08\/logo_stadtwerke_shs-150x150.jpg 150w\" sizes=\"(max-width: 300px) 100vw, 300px\" \/><\/a>[\/vc_column_text][\/vc_column][\/vc_row][vc_row][vc_column][vc_column_text]\u00a0[\/vc_column_text][\/vc_column][\/vc_row][vc_row][vc_column width=&#8221;1\/4&#8243;][vc_column_text]<a href=\"https:\/\/www.weroca-kartonagen.de\/de\/\" target=\"_blank\" rel=\"noopener noreferrer\"><img loading=\"lazy\" decoding=\"async\" class=\"alignnone size-medium wp-image-2813\" src=\"https:\/\/www.grafschaftslauf.de\/web\/wp-content\/uploads\/2020\/03\/logo_weroca-300x300.jpg\" alt=\"\" width=\"300\" height=\"300\" srcset=\"https:\/\/www.grafschaftslauf.de\/web\/wp-content\/uploads\/2020\/03\/logo_weroca.jpg 300w, https:\/\/www.grafschaftslauf.de\/web\/wp-content\/uploads\/2020\/03\/logo_weroca-150x150.jpg 150w\" sizes=\"(max-width: 300px) 100vw, 300px\" \/><\/a>[\/vc_column_text][\/vc_column][vc_column width=&#8221;1\/4&#8243;][vc_column_text]<a href=\"https:\/\/sw-verl.de\/\" target=\"_blank\" rel=\"noopener noreferrer\"><img loading=\"lazy\" decoding=\"async\" class=\"alignnone size-medium wp-image-2812\" src=\"https:\/\/www.grafschaftslauf.de\/web\/wp-content\/uploads\/2020\/03\/logo_stadtwer_verl-300x300.jpg\" alt=\"\" width=\"300\" height=\"300\" srcset=\"https:\/\/www.grafschaftslauf.de\/web\/wp-content\/uploads\/2020\/03\/logo_stadtwer_verl.jpg 300w, https:\/\/www.grafschaftslauf.de\/web\/wp-content\/uploads\/2020\/03\/logo_stadtwer_verl-150x150.jpg 150w\" sizes=\"(max-width: 300px) 100vw, 300px\" \/><\/a>[\/vc_column_text][\/vc_column][vc_column width=&#8221;1\/4&#8243;][vc_column_text]<a href=\"https:\/\/www.christinen.de\/\" target=\"_blank\" rel=\"noopener noreferrer\"><img loading=\"lazy\" decoding=\"async\" class=\"alignnone size-medium wp-image-2920\" src=\"https:\/\/www.grafschaftslauf.de\/web\/wp-content\/uploads\/2021\/06\/logo_christinen-300x300.jpg\" alt=\"\" width=\"300\" height=\"300\" srcset=\"https:\/\/www.grafschaftslauf.de\/web\/wp-content\/uploads\/2021\/06\/logo_christinen.jpg 300w, https:\/\/www.grafschaftslauf.de\/web\/wp-content\/uploads\/2021\/06\/logo_christinen-150x150.jpg 150w\" sizes=\"(max-width: 300px) 100vw, 300px\" \/><\/a>[\/vc_column_text][\/vc_column][vc_column width=&#8221;1\/4&#8243;][vc_column_text]<a href=\"https:\/\/www.kuehlmann.de\/\" target=\"_blank\" rel=\"noopener\"><img loading=\"lazy\" decoding=\"async\" class=\"alignnone size-full wp-image-2823\" src=\"https:\/\/www.grafschaftslauf.de\/web\/wp-content\/uploads\/2020\/03\/logo_kuehlmann.jpg\" alt=\"\" width=\"300\" height=\"300\" srcset=\"https:\/\/www.grafschaftslauf.de\/web\/wp-content\/uploads\/2020\/03\/logo_kuehlmann.jpg 300w, https:\/\/www.grafschaftslauf.de\/web\/wp-content\/uploads\/2020\/03\/logo_kuehlmann-150x150.jpg 150w\" sizes=\"(max-width: 300px) 100vw, 300px\" \/><\/a>[\/vc_column_text][\/vc_column][\/vc_row][vc_row][vc_column][vc_column_text]\u00a0[\/vc_column_text][\/vc_column][\/vc_row][vc_row][vc_column width=&#8221;1\/6&#8243;][vc_column_text]<a href=\"http:\/\/www.olafs-laufladen.de\/\" target=\"_blank\" rel=\"noopener noreferrer\"><img loading=\"lazy\" decoding=\"async\" class=\"alignnone size-medium wp-image-2829\" src=\"https:\/\/www.grafschaftslauf.de\/web\/wp-content\/uploads\/2020\/03\/logo_olafs_laufladen-300x300.jpg\" alt=\"\" width=\"300\" height=\"300\" srcset=\"https:\/\/www.grafschaftslauf.de\/web\/wp-content\/uploads\/2020\/03\/logo_olafs_laufladen.jpg 300w, https:\/\/www.grafschaftslauf.de\/web\/wp-content\/uploads\/2020\/03\/logo_olafs_laufladen-150x150.jpg 150w\" sizes=\"(max-width: 300px) 100vw, 300px\" \/><\/a>[\/vc_column_text][\/vc_column][vc_column width=&#8221;1\/6&#8243;][vc_column_text]<a href=\"https:\/\/www.sparkasse-guetersloh-rietberg-versmold.de\/de\/home.html\" target=\"_blank\" rel=\"noopener\"><img loading=\"lazy\" decoding=\"async\" class=\"alignnone size-full wp-image-3079\" src=\"https:\/\/www.grafschaftslauf.de\/web\/wp-content\/uploads\/2023\/07\/logo_sparkasse_guetersloh_neu.jpg\" alt=\"\" width=\"300\" height=\"300\" srcset=\"https:\/\/www.grafschaftslauf.de\/web\/wp-content\/uploads\/2023\/07\/logo_sparkasse_guetersloh_neu.jpg 300w, https:\/\/www.grafschaftslauf.de\/web\/wp-content\/uploads\/2023\/07\/logo_sparkasse_guetersloh_neu-150x150.jpg 150w\" sizes=\"(max-width: 300px) 100vw, 300px\" \/><\/a>[\/vc_column_text][\/vc_column][vc_column width=&#8221;1\/6&#8243;][vc_column_text]<a href=\"https:\/\/www.facebook.com\/MC-Textildruck-164767713609592\/\" target=\"_blank\" rel=\"noopener noreferrer\"><img loading=\"lazy\" decoding=\"async\" class=\"alignnone size-medium wp-image-2830\" src=\"https:\/\/www.grafschaftslauf.de\/web\/wp-content\/uploads\/2020\/03\/logo_mc_textildruck-300x300.jpg\" alt=\"\" width=\"300\" height=\"300\" srcset=\"https:\/\/www.grafschaftslauf.de\/web\/wp-content\/uploads\/2020\/03\/logo_mc_textildruck.jpg 300w, https:\/\/www.grafschaftslauf.de\/web\/wp-content\/uploads\/2020\/03\/logo_mc_textildruck-150x150.jpg 150w\" sizes=\"(max-width: 300px) 100vw, 300px\" \/><\/a>[\/vc_column_text][\/vc_column][vc_column width=&#8221;1\/6&#8243;][vc_column_text]<a href=\"https:\/\/www.kskhalle.de\/de\/home.html\" target=\"_blank\" rel=\"noopener\"><img loading=\"lazy\" decoding=\"async\" class=\"alignnone size-full wp-image-3137\" src=\"https:\/\/www.grafschaftslauf.de\/web\/wp-content\/uploads\/2024\/08\/logo_ksk_halle.jpg\" alt=\"\" width=\"300\" height=\"300\" srcset=\"https:\/\/www.grafschaftslauf.de\/web\/wp-content\/uploads\/2024\/08\/logo_ksk_halle.jpg 300w, https:\/\/www.grafschaftslauf.de\/web\/wp-content\/uploads\/2024\/08\/logo_ksk_halle-150x150.jpg 150w\" sizes=\"(max-width: 300px) 100vw, 300px\" \/><\/a>[\/vc_column_text][\/vc_column][vc_column width=&#8221;1\/6&#8243;][vc_column_text]<a href=\"https:\/\/www.carlsberg.com\/\" target=\"_blank\" rel=\"noopener\"><img loading=\"lazy\" decoding=\"async\" class=\"alignnone size-full wp-image-3136\" src=\"https:\/\/www.grafschaftslauf.de\/web\/wp-content\/uploads\/2024\/08\/logo_carlsberg.jpg\" alt=\"\" width=\"300\" height=\"300\" srcset=\"https:\/\/www.grafschaftslauf.de\/web\/wp-content\/uploads\/2024\/08\/logo_carlsberg.jpg 300w, https:\/\/www.grafschaftslauf.de\/web\/wp-content\/uploads\/2024\/08\/logo_carlsberg-150x150.jpg 150w\" sizes=\"(max-width: 300px) 100vw, 300px\" \/><\/a>[\/vc_column_text][\/vc_column][vc_column width=&#8221;1\/6&#8243;][vc_column_text]<a href=\"https:\/\/www.patrick.eu\" target=\"_blank\" rel=\"noopener\"><img loading=\"lazy\" decoding=\"async\" class=\"alignnone size-full wp-image-3139\" src=\"https:\/\/www.grafschaftslauf.de\/web\/wp-content\/uploads\/2025\/09\/logo_patrick.jpg\" alt=\"\" width=\"300\" height=\"300\" \/><\/a>[\/vc_column_text][\/vc_column][\/vc_row][vc_row][vc_column][vc_column_text]\u00a0[\/vc_column_text][\/vc_column][\/vc_row][vc_row][vc_column width=&#8221;1\/6&#8243;][vc_column_text]<a href=\"https:\/\/www.active-sportshop.de\/\" target=\"_blank\" rel=\"noopener noreferrer\"><img loading=\"lazy\" decoding=\"async\" class=\"alignnone size-medium wp-image-2821\" src=\"https:\/\/www.grafschaftslauf.de\/web\/wp-content\/uploads\/2020\/03\/logo_active-300x300.jpg\" alt=\"\" width=\"300\" height=\"300\" srcset=\"https:\/\/www.grafschaftslauf.de\/web\/wp-content\/uploads\/2020\/03\/logo_active.jpg 300w, https:\/\/www.grafschaftslauf.de\/web\/wp-content\/uploads\/2020\/03\/logo_active-150x150.jpg 150w\" sizes=\"(max-width: 300px) 100vw, 300px\" \/><\/a>[\/vc_column_text][\/vc_column][vc_column width=&#8221;1\/6&#8243;][vc_column_text]<a href=\"https:\/\/www.paul-kuhn.de\/\" target=\"_blank\" rel=\"noopener\"><img loading=\"lazy\" decoding=\"async\" class=\"alignnone size-full wp-image-3139\" src=\"https:\/\/www.grafschaftslauf.de\/web\/wp-content\/uploads\/2024\/08\/logo_paul_kuhn.jpg\" alt=\"\" width=\"300\" height=\"300\" srcset=\"https:\/\/www.grafschaftslauf.de\/web\/wp-content\/uploads\/2024\/08\/logo_paul_kuhn.jpg 300w, https:\/\/www.grafschaftslauf.de\/web\/wp-content\/uploads\/2024\/08\/logo_paul_kuhn-150x150.jpg 150w\" sizes=\"(max-width: 300px) 100vw, 300px\" \/><\/a>[\/vc_column_text][\/vc_column][vc_column width=&#8221;1\/6&#8243;][\/vc_column][vc_column width=&#8221;1\/6&#8243;][\/vc_column][vc_column width=&#8221;1\/6&#8243;][\/vc_column][vc_column width=&#8221;1\/6&#8243;][\/vc_column][\/vc_row][vc_row][vc_column][vc_column_text]\u00a0[\/vc_column_text][\/vc_column][\/vc_row][vc_row][vc_column width=&#8221;1\/6&#8243;][vc_column_text]<a href=\"https:\/\/agentur-pacemaker.de\" target=\"_blank\" rel=\"noopener\"><img loading=\"lazy\" decoding=\"async\" class=\"alignnone size-full wp-image-3154\" src=\"https:\/\/www.grafschaftslauf.de\/web\/wp-content\/uploads\/2024\/08\/logo_pacemaker.jpg\" alt=\"\" width=\"300\" height=\"300\" srcset=\"https:\/\/www.grafschaftslauf.de\/web\/wp-content\/uploads\/2024\/08\/logo_pacemaker.jpg 300w, https:\/\/www.grafschaftslauf.de\/web\/wp-content\/uploads\/2024\/08\/logo_pacemaker-150x150.jpg 150w\" sizes=\"(max-width: 300px) 100vw, 300px\" \/><\/a>[\/vc_column_text][\/vc_column][\/vc_row]<\/p>\n","protected":false},"excerpt":{"rendered":"<p>[vc_row][vc_column][vc_column_text] Der Grafschaftslauf wird pr\u00e4sentiert von Elli, SB-L\u00fcning und E-Center L\u00fcning [\/vc_column_text][\/vc_column][\/vc_row][vc_row][vc_column][vc_column_text]\u00a0[\/vc_column_text][\/vc_column][\/vc_row][vc_row equal_height=&#8221;yes&#8221; content_placement=&#8221;middle&#8221;][vc_column width=&#8221;1\/3&#8243;][vc_column_text][\/vc_column_text][\/vc_column][vc_column width=&#8221;1\/3&#8243;][vc_column_text][\/vc_column_text][\/vc_column][vc_column width=&#8221;1\/3&#8243;][vc_column_text][\/vc_column_text][\/vc_column][\/vc_row][vc_row][vc_column][vc_column_text]\u00a0[\/vc_column_text][\/vc_column][\/vc_row][vc_row][vc_column][vc_column_text]\u00a0[\/vc_column_text][\/vc_column][\/vc_row][vc_row][vc_column][vc_column_text] Weitere Sponsoren: [\/vc_column_text][\/vc_column][\/vc_row][vc_row][vc_column][vc_column_text]\u00a0[\/vc_column_text][\/vc_column][\/vc_row][vc_row equal_height=&#8221;yes&#8221; content_placement=&#8221;middle&#8221;][vc_column width=&#8221;1\/4&#8243;][vc_column_text][\/vc_column_text][\/vc_column][vc_column width=&#8221;1\/4&#8243;][vc_column_text][\/vc_column_text][\/vc_column][vc_column width=&#8221;1\/4&#8243;][vc_column_text][\/vc_column_text][\/vc_column][vc_column width=&#8221;1\/4&#8243;][vc_column_text][\/vc_column_text][\/vc_column][\/vc_row][vc_row][vc_column][vc_column_text]\u00a0[\/vc_column_text][\/vc_column][\/vc_row][vc_row][vc_column width=&#8221;1\/4&#8243;][vc_column_text][\/vc_column_text][\/vc_column][vc_column width=&#8221;1\/4&#8243;][vc_column_text][\/vc_column_text][\/vc_column][vc_column width=&#8221;1\/4&#8243;][vc_column_text][\/vc_column_text][\/vc_column][vc_column width=&#8221;1\/4&#8243;][vc_column_text][\/vc_column_text][\/vc_column][\/vc_row][vc_row][vc_column][vc_column_text]\u00a0[\/vc_column_text][\/vc_column][\/vc_row][vc_row][vc_column [&hellip;]<\/p>\n","protected":false},"author":1,"featured_media":0,"parent":0,"menu_order":0,"comment_status":"closed","ping_status":"closed","template":"","meta":{"_bbp_topic_count":0,"_bbp_reply_count":0,"_bbp_total_topic_count":0,"_bbp_total_reply_count":0,"_bbp_voice_count":0,"_bbp_anonymous_reply_count":0,"_bbp_topic_count_hidden":0,"_bbp_reply_count_hidden":0,"_bbp_forum_subforum_count":0,"footnotes":""},"class_list":["post-2593","page","type-page","status-publish","hentry"],"_links":{"self":[{"href":"https:\/\/www.grafschaftslauf.de\/web\/wp-json\/wp\/v2\/pages\/2593"}],"collection":[{"href":"https:\/\/www.grafschaftslauf.de\/web\/wp-json\/wp\/v2\/pages"}],"about":[{"href":"https:\/\/www.grafschaftslauf.de\/web\/wp-json\/wp\/v2\/types\/page"}],"author":[{"embeddable":true,"href":"https:\/\/www.grafschaftslauf.de\/web\/wp-json\/wp\/v2\/users\/1"}],"replies":[{"embeddable":true,"href":"https:\/\/www.grafschaftslauf.de\/web\/wp-json\/wp\/v2\/comments?post=2593"}],"version-history":[{"count":55,"href":"https:\/\/www.grafschaftslauf.de\/web\/wp-json\/wp\/v2\/pages\/2593\/revisions"}],"predecessor-version":[{"id":3232,"href":"https:\/\/www.grafschaftslauf.de\/web\/wp-json\/wp\/v2\/pages\/2593\/revisions\/3232"}],"wp:attachment":[{"href":"https:\/\/www.grafschaftslauf.de\/web\/wp-json\/wp\/v2\/media?parent=2593"}],"curies":[{"name":"wp","href":"https:\/\/api.w.org\/{rel}","templated":true}]}}