{"id":2587,"date":"2019-09-18T21:49:44","date_gmt":"2019-09-18T19:49:44","guid":{"rendered":"https:\/\/www.grafschaftslauf.de\/web\/?page_id=2587"},"modified":"2024-08-17T16:31:47","modified_gmt":"2024-08-17T14:31:47","slug":"der-grafschaftslauf","status":"publish","type":"page","link":"https:\/\/www.grafschaftslauf.de\/web\/der-grafschaftslauf\/","title":{"rendered":"Der Grafschaftslauf"},"content":{"rendered":"<h3>Laufend Geschichte erleben!<\/h3>\n<p>Der Grafschaftslauf verbindet die drei, f\u00fcr die damalige Grafschaft Rietberg bedeutenden, St\u00e4dte Rietberg, Verl und Schlo\u00df Holte-Stukenbrock miteinander. Gemeinsam wollen wir die historisch so bedeutsame Geschichte ein wenig aufleben lassen und \u201elaufend Geschichte erleben\u201c. Gestartet wird am Gut Rietberg, wo fr\u00fcher das Schloss Rietberg stand. Nach Passieren der prachtvollen Schlo\u00dfstra\u00dfe geht es direkt in die Rietberger Innenstadt vorbei am Rathaus und dem Haus M\u00fcnte weiter entlang der Ems bis zum Gartenschaugel\u00e4nde. Das erste Stimmungsnest erwartet die L\u00e4ufer in Westerwiehe, hier ist auch der erste Staffelwechsel. Die abwechslungsreiche Strecke f\u00fchrt anschlie\u00dfend \u00fcber Landschaftswege direkt \u00fcber den Damm des Naturschutzgebiet Steinhorster Becken hinein nach Kaunitz, wo an der Ostwestfalenhalle das n\u00e4chste Stimmungshighlight und der zweite Staffelwechsel auf Euch warten. Nach dem Passieren der Kaunitzer Kirche St. Maria Immaculata geht es weiter Richtung Liemke. Im Bereich des Vereinsgel\u00e4ndes vom SCW Liemke und den St. Michael-Sch\u00fctzen wird Euch nochmals ordentlich eingeheizt und das Stimmungsbarometer erreicht einen weiteren H\u00f6hepunkt bevor es die letzten Kilometer ruhig und besinnlich durch den Holter Wald geht, wo am Ende des Waldes das Jagdschloss zur Holte auf Euch wartet und die perfekte Kulisse f\u00fcr Euren Zieleinlauf bietet.<\/p>\n<p>Lasst uns gemeinsam \u201elaufend Geschichte erleben\u201c! Wir freuen uns auf Euch!<\/p>\n","protected":false},"excerpt":{"rendered":"<p>Laufend Geschichte erleben! Der Grafschaftslauf verbindet die drei, f\u00fcr die damalige Grafschaft Rietberg bedeutenden, St\u00e4dte Rietberg, Verl und Schlo\u00df Holte-Stukenbrock miteinander. Gemeinsam wollen wir die historisch so bedeutsame Geschichte ein [&hellip;]<\/p>\n","protected":false},"author":1,"featured_media":0,"parent":0,"menu_order":0,"comment_status":"closed","ping_status":"closed","template":"","meta":{"_bbp_topic_count":0,"_bbp_reply_count":0,"_bbp_total_topic_count":0,"_bbp_total_reply_count":0,"_bbp_voice_count":0,"_bbp_anonymous_reply_count":0,"_bbp_topic_count_hidden":0,"_bbp_reply_count_hidden":0,"_bbp_forum_subforum_count":0,"footnotes":""},"class_list":["post-2587","page","type-page","status-publish","hentry"],"_links":{"self":[{"href":"https:\/\/www.grafschaftslauf.de\/web\/wp-json\/wp\/v2\/pages\/2587"}],"collection":[{"href":"https:\/\/www.grafschaftslauf.de\/web\/wp-json\/wp\/v2\/pages"}],"about":[{"href":"https:\/\/www.grafschaftslauf.de\/web\/wp-json\/wp\/v2\/types\/page"}],"author":[{"embeddable":true,"href":"https:\/\/www.grafschaftslauf.de\/web\/wp-json\/wp\/v2\/users\/1"}],"replies":[{"embeddable":true,"href":"https:\/\/www.grafschaftslauf.de\/web\/wp-json\/wp\/v2\/comments?post=2587"}],"version-history":[{"count":10,"href":"https:\/\/www.grafschaftslauf.de\/web\/wp-json\/wp\/v2\/pages\/2587\/revisions"}],"predecessor-version":[{"id":3167,"href":"https:\/\/www.grafschaftslauf.de\/web\/wp-json\/wp\/v2\/pages\/2587\/revisions\/3167"}],"wp:attachment":[{"href":"https:\/\/www.grafschaftslauf.de\/web\/wp-json\/wp\/v2\/media?parent=2587"}],"curies":[{"name":"wp","href":"https:\/\/api.w.org\/{rel}","templated":true}]}}