{"id":2583,"date":"2019-09-18T21:48:21","date_gmt":"2019-09-18T19:48:21","guid":{"rendered":"https:\/\/www.grafschaftslauf.de\/web\/?page_id=2583"},"modified":"2025-08-17T20:49:29","modified_gmt":"2025-08-17T18:49:29","slug":"bustransfer","status":"publish","type":"page","link":"https:\/\/www.grafschaftslauf.de\/web\/bustransfer\/","title":{"rendered":"Bustransfer"},"content":{"rendered":"<p>Wir bieten einen Transfer f\u00fcr alle Teilnehmenden an. Der Abfahrtsort zu den Startpunkten ist dabei immer die Bushaltestelle am Meldeb\u00fcro (Dechant-Brill-Stra\u00dfe). Der Zielort f\u00fcr den R\u00fccktransport der Staffelteilnehmer (Abschnitt 1&amp;2) ist am Holter Schlo\u00dfkrug. Entfernung zum Zielbereich ca. 100m. Die Berechtigung zum Einstieg in den Bus ist die Startnummer bzw. bei Staffeln das Armband. Siehe Busfahrplan.<\/p>\n<p>Die Einteilung der Startgruppen erfolgt am 16. August<\/p>\n<p>&nbsp;<\/p>\n<p><strong>Busfahrplan 2025:<\/strong><\/p>\n<p>&nbsp;<\/p>\n<table style=\"height: 1150px;\" width=\"863\">\n<tbody>\n<tr>\n<td width=\"39\"><strong>Zeit:<\/strong><\/td>\n<td width=\"139\"><strong>Ab:<\/strong><\/td>\n<td width=\"141\"><strong>Nach:<\/strong><\/td>\n<td width=\"80\"><strong>Ankunft:<\/strong><\/td>\n<td width=\"306\"><strong>Hinweis:<\/strong><\/td>\n<\/tr>\n<tr>\n<td>08:00<\/td>\n<td>Meldeb\u00fcro<\/td>\n<td>Start Rietberg<\/td>\n<td>08:35<\/td>\n<td>2 Busse nur f\u00fcr Wanderer<\/td>\n<\/tr>\n<tr>\n<td>09:15<\/td>\n<td>Meldeb\u00fcro<\/td>\n<td>Start Rietberg<\/td>\n<td>09:50<\/td>\n<td>Nur Startgruppe 1 (Start 11:00)<\/td>\n<\/tr>\n<tr>\n<td>09:30<\/td>\n<td>Meldeb\u00fcro<\/td>\n<td>Start Rietberg<\/td>\n<td>10:05<\/td>\n<td>2 Busse nur Startgruppe 1 (Start 11:00)<\/td>\n<\/tr>\n<tr>\n<td>09:45<\/td>\n<td>Meldeb\u00fcro<\/td>\n<td>Start Rietberg<\/td>\n<td>10:20<\/td>\n<td>2 Busse Startgruppe 1&amp;2 (Start 11:00 &amp; 11:20)<\/td>\n<\/tr>\n<tr>\n<td>10:00<\/td>\n<td>Meldeb\u00fcro<\/td>\n<td>Start Rietberg<\/td>\n<td>10:35<\/td>\n<td>Startgruppe 2 (Start 11:20)<\/td>\n<\/tr>\n<tr>\n<td>10:25<\/td>\n<td>Meldeb\u00fcro<\/td>\n<td>Start Rietberg<\/td>\n<td>11:00<\/td>\n<td>letzter Bus nach Rietberg<\/td>\n<\/tr>\n<tr>\n<td>10:50<\/td>\n<td>Meldeb\u00fcro<\/td>\n<td>Kaunitz\/OWL-Halle<\/td>\n<td>11:05<\/td>\n<td>2 Busse nur 10 KM-L\u00e4ufer<\/td>\n<\/tr>\n<tr>\n<td>11:00<\/td>\n<td>Meldeb\u00fcro<\/td>\n<td>Westerwiehe<\/td>\n<td>11:30<\/td>\n<td>Nur Staffell\u00e4ufer Abschnitt 2<\/td>\n<\/tr>\n<tr>\n<td>11:30<\/td>\n<td>Meldeb\u00fcro<\/td>\n<td>Kaunitz \/ OWL-Halle<\/td>\n<td>11:45<\/td>\n<td>Nur Staffell\u00e4ufer Abschnitt 3<\/td>\n<\/tr>\n<tr>\n<td>12:00<\/td>\n<td>Meldeb\u00fcro<\/td>\n<td>Kaunitz \/ OWL-Halle<\/td>\n<td>12:15<\/td>\n<td>Nur Staffell\u00e4ufer Abschnitt 3<\/td>\n<\/tr>\n<tr>\n<td>12:30<\/td>\n<td>Meldeb\u00fcro<\/td>\n<td>Kaunitz \/ OWL-Halle<\/td>\n<td>12:45<\/td>\n<td>Nur Staffell\u00e4ufer Abschnitt 3<\/td>\n<\/tr>\n<tr>\n<td>12:45<\/td>\n<td>Westerwiehe<\/td>\n<td>Schlo\u00dfkrug\/Ziel<\/td>\n<td>13:10<\/td>\n<td>bringt Staffell\u00e4ufer 1 zum Ziel &#8211; wartet auf Letzten<\/td>\n<\/tr>\n<tr>\n<td>13:00<\/td>\n<td>Kaunitz\/OWL-Halle<\/td>\n<td>Schlo\u00dfkrug\/Ziel<\/td>\n<td>13:15<\/td>\n<td>bringt Staffell\u00e4ufer 2 zum Ziel<\/td>\n<\/tr>\n<tr>\n<td>14:00<\/td>\n<td>Kaunitz\/OWL-Halle<\/td>\n<td>Schlo\u00dfkrug\/Ziel<\/td>\n<td>14:15<\/td>\n<td>bringt Staffell\u00e4ufer 2 zum Ziel &#8211; wartet auf Letzten<\/td>\n<\/tr>\n<\/tbody>\n<\/table>\n","protected":false},"excerpt":{"rendered":"<p>Wir bieten einen Transfer f\u00fcr alle Teilnehmenden an. Der Abfahrtsort zu den Startpunkten ist dabei immer die Bushaltestelle am Meldeb\u00fcro (Dechant-Brill-Stra\u00dfe). Der Zielort f\u00fcr den R\u00fccktransport der Staffelteilnehmer (Abschnitt 1&amp;2) [&hellip;]<\/p>\n","protected":false},"author":1,"featured_media":0,"parent":0,"menu_order":0,"comment_status":"closed","ping_status":"closed","template":"","meta":{"_bbp_topic_count":0,"_bbp_reply_count":0,"_bbp_total_topic_count":0,"_bbp_total_reply_count":0,"_bbp_voice_count":0,"_bbp_anonymous_reply_count":0,"_bbp_topic_count_hidden":0,"_bbp_reply_count_hidden":0,"_bbp_forum_subforum_count":0,"footnotes":""},"class_list":["post-2583","page","type-page","status-publish","hentry"],"_links":{"self":[{"href":"https:\/\/www.grafschaftslauf.de\/web\/wp-json\/wp\/v2\/pages\/2583"}],"collection":[{"href":"https:\/\/www.grafschaftslauf.de\/web\/wp-json\/wp\/v2\/pages"}],"about":[{"href":"https:\/\/www.grafschaftslauf.de\/web\/wp-json\/wp\/v2\/types\/page"}],"author":[{"embeddable":true,"href":"https:\/\/www.grafschaftslauf.de\/web\/wp-json\/wp\/v2\/users\/1"}],"replies":[{"embeddable":true,"href":"https:\/\/www.grafschaftslauf.de\/web\/wp-json\/wp\/v2\/comments?post=2583"}],"version-history":[{"count":18,"href":"https:\/\/www.grafschaftslauf.de\/web\/wp-json\/wp\/v2\/pages\/2583\/revisions"}],"predecessor-version":[{"id":3209,"href":"https:\/\/www.grafschaftslauf.de\/web\/wp-json\/wp\/v2\/pages\/2583\/revisions\/3209"}],"wp:attachment":[{"href":"https:\/\/www.grafschaftslauf.de\/web\/wp-json\/wp\/v2\/media?parent=2583"}],"curies":[{"name":"wp","href":"https:\/\/api.w.org\/{rel}","templated":true}]}}