{"id":2578,"date":"2019-09-18T21:46:12","date_gmt":"2019-09-18T19:46:12","guid":{"rendered":"https:\/\/www.grafschaftslauf.de\/web\/?page_id=2578"},"modified":"2026-01-04T00:35:12","modified_gmt":"2026-01-03T23:35:12","slug":"einzellauf","status":"publish","type":"page","link":"https:\/\/www.grafschaftslauf.de\/web\/einzellauf\/","title":{"rendered":"Einzellauf"},"content":{"rendered":"<p>[vc_row][vc_column][vc_column_text]<\/p>\n<h3>Einzellauf 28 km<\/h3>\n<p>&nbsp;<\/p>\n<p>Als Einzell\u00e4ufer startest Du auf dem Gut Rietberg, wo einst auch das Schloss Rietberg stand, und hast sofort gr\u00e4flich Boden unter den F\u00fc\u00dfen. Auf direktem Wege geht es durch die stimmungsvolle Rietberger Innenstadt vorbei am Rathaus und dem historischen Haus M\u00fcnte. \u00dcber die Wallanlage f\u00fcr die Strecke entlang der Ems und mitten durch den Gartenschaupark, der am Sonntag zu dieser Zeit sicher mit zahlreichen Zuschauern gut besucht ist. Das n\u00e4chste Stimmungsnest erwartet Dich in Westerwiehe rund um die Sportanlage an der Berkenheide. Anschlie\u00dfend wird es f\u00fcr Dich zun\u00e4chst ruhiger und besinnlicher denn der Weg f\u00fchrt \u00fcber zahlreiche Wald-, und Feldwege bevor Du die Ortschaft Kaunitz erreichst. Hier geht es direkt an der Ostwestfalenhalle entlang, dem n\u00e4chsten Stimmungsnest an der Strecke. Mit Discomusik und Partystimmung machen wir Dich fit f\u00fcr die letzten Kilometer auf den Spuren der Grafen und F\u00fcrsten. \u00dcber Kaunitzer Wirtschaftswege erreichst Du den Ort Liemke. Nach einem letzten Stimmungsaufschwung wird es wieder ruhiger denn die letzten Kilometer laufen durch den Holter Wald bevor Du dann jubelnd die H\u00e4nde hochrei\u00dfen darfst und unter dem Applaus vieler hundert Zuschauer das Ziel am Schloss in Schlo\u00df Holte-Stukenbrock erreichst.[\/vc_column_text][\/vc_column][\/vc_row]<\/p>\n","protected":false},"excerpt":{"rendered":"<p>[vc_row][vc_column][vc_column_text] Einzellauf 28 km &nbsp; Als Einzell\u00e4ufer startest Du auf dem Gut Rietberg, wo einst auch das Schloss Rietberg stand, und hast sofort gr\u00e4flich Boden unter den F\u00fc\u00dfen. Auf direktem [&hellip;]<\/p>\n","protected":false},"author":1,"featured_media":0,"parent":0,"menu_order":0,"comment_status":"closed","ping_status":"closed","template":"","meta":{"_bbp_topic_count":0,"_bbp_reply_count":0,"_bbp_total_topic_count":0,"_bbp_total_reply_count":0,"_bbp_voice_count":0,"_bbp_anonymous_reply_count":0,"_bbp_topic_count_hidden":0,"_bbp_reply_count_hidden":0,"_bbp_forum_subforum_count":0,"footnotes":""},"class_list":["post-2578","page","type-page","status-publish","hentry"],"_links":{"self":[{"href":"https:\/\/www.grafschaftslauf.de\/web\/wp-json\/wp\/v2\/pages\/2578"}],"collection":[{"href":"https:\/\/www.grafschaftslauf.de\/web\/wp-json\/wp\/v2\/pages"}],"about":[{"href":"https:\/\/www.grafschaftslauf.de\/web\/wp-json\/wp\/v2\/types\/page"}],"author":[{"embeddable":true,"href":"https:\/\/www.grafschaftslauf.de\/web\/wp-json\/wp\/v2\/users\/1"}],"replies":[{"embeddable":true,"href":"https:\/\/www.grafschaftslauf.de\/web\/wp-json\/wp\/v2\/comments?post=2578"}],"version-history":[{"count":16,"href":"https:\/\/www.grafschaftslauf.de\/web\/wp-json\/wp\/v2\/pages\/2578\/revisions"}],"predecessor-version":[{"id":3240,"href":"https:\/\/www.grafschaftslauf.de\/web\/wp-json\/wp\/v2\/pages\/2578\/revisions\/3240"}],"wp:attachment":[{"href":"https:\/\/www.grafschaftslauf.de\/web\/wp-json\/wp\/v2\/media?parent=2578"}],"curies":[{"name":"wp","href":"https:\/\/api.w.org\/{rel}","templated":true}]}}