{"id":1043,"date":"2016-03-16T12:41:44","date_gmt":"2016-03-16T12:41:44","guid":{"rendered":"http:\/\/sunnyjar.dv.ancorathemes.com\/?page_id=1043"},"modified":"2025-12-27T19:43:25","modified_gmt":"2025-12-27T18:43:25","slug":"home-2","status":"publish","type":"page","link":"https:\/\/www.grafschaftslauf.de\/web\/","title":{"rendered":"Home"},"content":{"rendered":"<p>[vc_row css=&#8221;.vc_custom_1569822495553{margin-top: 7.6rem !important;}&#8221; el_id=&#8221;neuigkeiten&#8221;][vc_column]<div id=\"sc_blogger_1071779952\" class=\"sc_blogger layout_classic_4 template_masonry  sc_blogger_horizontal no_description\"><h2 class=\"sc_blogger_title sc_item_title\">Neuigkeiten<\/h2><div id=\"sc_blogger_1071779952_scroll\" class=\"sc_scroll sc_scroll_horizontal sc_slider_noresize swiper-slider-container scroll-container\" style=\"width:100%;\"><div class=\"sc_scroll_wrapper swiper-wrapper\"><div class=\"sc_scroll_slide swiper-slide\"><div class=\"isotope_wrap\" data-columns=\"4\">\t\t<div class=\"isotope_item isotope_item_classic isotope_item_classic_4 isotope_column_4\t\t\t\t\t\">\n\t\t\t<div class=\"post_item post_item_classic post_item_classic_4\t\t\t\t  post_format_standard odd\">\n\t\t\t\t\n\t\t\t\t\t\t\t\t\t<div class=\"post_featured\">\n\t\t\t\t\t\t\t<div class=\"post_thumb\" data-image=\"https:\/\/www.grafschaftslauf.de\/web\/wp-content\/uploads\/2025\/08\/DSC_0237-scaled.jpg\" data-title=\"Teilnehmerrekord &#038; Top-Feld beim 5. Grafschaftslauf\">\n\t<a class=\"hover_icon hover_icon_link\" href=\"https:\/\/www.grafschaftslauf.de\/web\/2025\/08\/26\/teilnehmerrekord-top-feld-beim-5-grafschaftslauf\/\"><img loading=\"lazy\" decoding=\"async\" class=\"wp-post-image\" width=\"370\" height=\"370\" alt=\"Teilnehmerrekord &#038; Top-Feld beim 5. Grafschaftslauf\" src=\"https:\/\/www.grafschaftslauf.de\/web\/wp-content\/uploads\/2025\/08\/DSC_0237-scaled-370x370.jpg\"><\/a>\t<\/div>\n\t\t\t\t\t\t<\/div>\n\t\t\t\t\n\t\t\t\t<div class=\"post_content isotope_item_content\">\n\t\t\t\t\t\n\t\t\t\t\t\t\t\t\t\t\t\t<h5 class=\"post_title\">Teilnehmerrekord &#038; Top-Feld beim 5. Grafschaftslauf<\/h5>\n\t\t\t\t\t\t\t\n\t\t\t\t\t<div class=\"post_descr\">\n\t\t\t\t\t\t<p><\/p><div class=\"post_info\">\n\t\t\t<span class=\"post_info_item post_info_posted\"> <a href=\"https:\/\/www.grafschaftslauf.de\/web\/2025\/08\/26\/teilnehmerrekord-top-feld-beim-5-grafschaftslauf\/\" class=\"post_info_date\">26. August 2025<\/a><\/span>\n\t\t\t\t<span class=\"post_info_item post_info_counters\">\t<a class=\"post_counters_item post_counters_comments icon-comment_icon\" title=\"Comments - 0\" href=\"https:\/\/www.grafschaftslauf.de\/web\/2025\/08\/26\/teilnehmerrekord-top-feld-beim-5-grafschaftslauf\/#respond\"><span class=\"post_counters_number\">0<\/span><\/a>\n\t\t<a class=\"post_counters_item post_counters_likes icon-like_icon enabled\" title=\"Like\" href=\"#\"\n\t\tdata-postid=\"3224\"\n\t\tdata-likes=\"9\"\n\t\tdata-title-like=\"Like\"\n\t\tdata-title-dislike=\"Dislike\"><span class=\"post_counters_number\">9<\/span><\/a>\n\t<\/span>\n\t\t<\/div>\t\t\t\t\t<\/div>\n\n\t\t\t\t<\/div>\t\t\t\t<!-- \/.post_content -->\n\t\t\t<\/div>\t<!-- \/.post_item -->\n\t\t<\/div>\t\t\t\t\t\t<!-- \/.isotope_item -->\n\t\t\t\t<div class=\"isotope_item isotope_item_classic isotope_item_classic_4 isotope_column_4\t\t\t\t\t\">\n\t\t\t<div class=\"post_item post_item_classic post_item_classic_4\t\t\t\t  post_format_standard even\">\n\t\t\t\t\n\t\t\t\t\t\t\t\t\t<div class=\"post_featured\">\n\t\t\t\t\t\t\t<div class=\"post_thumb\" data-image=\"https:\/\/www.grafschaftslauf.de\/web\/wp-content\/uploads\/2024\/09\/aftermovie_2024.png\" data-title=\"Aftermovie 2024\">\n\t<a class=\"hover_icon hover_icon_link\" href=\"https:\/\/www.grafschaftslauf.de\/web\/2024\/09\/16\/aftermovie-2024\/\"><img loading=\"lazy\" decoding=\"async\" class=\"wp-post-image\" width=\"370\" height=\"370\" alt=\"Aftermovie 2024\" src=\"https:\/\/www.grafschaftslauf.de\/web\/wp-content\/uploads\/2024\/09\/aftermovie_2024-370x370.png\"><\/a>\t<\/div>\n\t\t\t\t\t\t<\/div>\n\t\t\t\t\n\t\t\t\t<div class=\"post_content isotope_item_content\">\n\t\t\t\t\t\n\t\t\t\t\t\t\t\t\t\t\t\t<h5 class=\"post_title\">Aftermovie 2024<\/h5>\n\t\t\t\t\t\t\t\n\t\t\t\t\t<div class=\"post_descr\">\n\t\t\t\t\t\t<div class=\"post_info\">\n\t\t\t<span class=\"post_info_item post_info_posted\"> <a href=\"https:\/\/www.grafschaftslauf.de\/web\/2024\/09\/16\/aftermovie-2024\/\" class=\"post_info_date\">16. September 2024<\/a><\/span>\n\t\t\t\t<span class=\"post_info_item post_info_counters\">\t<a class=\"post_counters_item post_counters_comments icon-comment_icon\" title=\"Comments - 0\" href=\"https:\/\/www.grafschaftslauf.de\/web\/2024\/09\/16\/aftermovie-2024\/#respond\"><span class=\"post_counters_number\">0<\/span><\/a>\n\t\t<a class=\"post_counters_item post_counters_likes icon-like_icon enabled\" title=\"Like\" href=\"#\"\n\t\tdata-postid=\"3184\"\n\t\tdata-likes=\"10\"\n\t\tdata-title-like=\"Like\"\n\t\tdata-title-dislike=\"Dislike\"><span class=\"post_counters_number\">10<\/span><\/a>\n\t<\/span>\n\t\t<\/div>\t\t\t\t\t<\/div>\n\n\t\t\t\t<\/div>\t\t\t\t<!-- \/.post_content -->\n\t\t\t<\/div>\t<!-- \/.post_item -->\n\t\t<\/div>\t\t\t\t\t\t<!-- \/.isotope_item -->\n\t\t\t\t<div class=\"isotope_item isotope_item_classic isotope_item_classic_4 isotope_column_4\t\t\t\t\t\">\n\t\t\t<div class=\"post_item post_item_classic post_item_classic_4\t\t\t\t  post_format_standard odd\">\n\t\t\t\t\n\t\t\t\t\t\t\t\t\t<div class=\"post_featured\">\n\t\t\t\t\t\t\t<div class=\"post_thumb\" data-image=\"https:\/\/www.grafschaftslauf.de\/web\/wp-content\/uploads\/2024\/08\/Graaefin-Annika-I.-und-Jan-II..png\" data-title=\"Jan Kerkmann und Annika Oettinger die schnellsten von 1.200 Siegern\">\n\t<a class=\"hover_icon hover_icon_link\" href=\"https:\/\/www.grafschaftslauf.de\/web\/2024\/08\/27\/jan-kerkmann-und-annika-oettinger-die-schnellsten-von-1-200-sieger\/\"><img loading=\"lazy\" decoding=\"async\" class=\"wp-post-image\" width=\"370\" height=\"370\" alt=\"Jan Kerkmann und Annika Oettinger die schnellsten von 1.200 Siegern\" src=\"https:\/\/www.grafschaftslauf.de\/web\/wp-content\/uploads\/2024\/08\/Graaefin-Annika-I.-und-Jan-II.-370x370.png\"><\/a>\t<\/div>\n\t\t\t\t\t\t<\/div>\n\t\t\t\t\n\t\t\t\t<div class=\"post_content isotope_item_content\">\n\t\t\t\t\t\n\t\t\t\t\t\t\t\t\t\t\t\t<h5 class=\"post_title\">Jan Kerkmann und Annika Oettinger die schnellsten von 1.200 Siegern<\/h5>\n\t\t\t\t\t\t\t\n\t\t\t\t\t<div class=\"post_descr\">\n\t\t\t\t\t\t<p><\/p><div class=\"post_info\">\n\t\t\t<span class=\"post_info_item post_info_posted\"> <a href=\"https:\/\/www.grafschaftslauf.de\/web\/2024\/08\/27\/jan-kerkmann-und-annika-oettinger-die-schnellsten-von-1-200-sieger\/\" class=\"post_info_date\">27. August 2024<\/a><\/span>\n\t\t\t\t<span class=\"post_info_item post_info_counters\">\t<a class=\"post_counters_item post_counters_comments icon-comment_icon\" title=\"Comments - 0\" href=\"https:\/\/www.grafschaftslauf.de\/web\/2024\/08\/27\/jan-kerkmann-und-annika-oettinger-die-schnellsten-von-1-200-sieger\/#respond\"><span class=\"post_counters_number\">0<\/span><\/a>\n\t\t<a class=\"post_counters_item post_counters_likes icon-like_icon enabled\" title=\"Like\" href=\"#\"\n\t\tdata-postid=\"3171\"\n\t\tdata-likes=\"1\"\n\t\tdata-title-like=\"Like\"\n\t\tdata-title-dislike=\"Dislike\"><span class=\"post_counters_number\">1<\/span><\/a>\n\t<\/span>\n\t\t<\/div>\t\t\t\t\t<\/div>\n\n\t\t\t\t<\/div>\t\t\t\t<!-- \/.post_content -->\n\t\t\t<\/div>\t<!-- \/.post_item -->\n\t\t<\/div>\t\t\t\t\t\t<!-- \/.isotope_item -->\n\t\t\t\t<div class=\"isotope_item isotope_item_classic isotope_item_classic_4 isotope_column_4\t\t\t\t\t\">\n\t\t\t<div class=\"post_item post_item_classic post_item_classic_4\t\t\t\t  post_format_standard even\">\n\t\t\t\t\n\t\t\t\t\t\t\t\t\t<div class=\"post_featured\">\n\t\t\t\t\t\t\t<div class=\"post_thumb\" data-image=\"https:\/\/www.grafschaftslauf.de\/web\/wp-content\/uploads\/2024\/02\/GSL2024_Anzeige_Quadratisch_ButtonUp_ohneSchleier.jpg\" data-title=\"Anmeldung ge\u00f6ffnet &#8211; 10km und Wandern neu dabei!\">\n\t<a class=\"hover_icon hover_icon_link\" href=\"https:\/\/www.grafschaftslauf.de\/web\/2024\/02\/28\/anmeldung-geoeffnet-10km-und-wandern-neu-dabei\/\"><img loading=\"lazy\" decoding=\"async\" class=\"wp-post-image\" width=\"370\" height=\"370\" alt=\"Anmeldung ge\u00f6ffnet &#8211; 10km und Wandern neu dabei!\" src=\"https:\/\/www.grafschaftslauf.de\/web\/wp-content\/uploads\/2024\/02\/GSL2024_Anzeige_Quadratisch_ButtonUp_ohneSchleier-370x370.jpg\"><\/a>\t<\/div>\n\t\t\t\t\t\t<\/div>\n\t\t\t\t\n\t\t\t\t<div class=\"post_content isotope_item_content\">\n\t\t\t\t\t\n\t\t\t\t\t\t\t\t\t\t\t\t<h5 class=\"post_title\">Anmeldung ge\u00f6ffnet &#8211; 10km und Wandern neu dabei!<\/h5>\n\t\t\t\t\t\t\t\n\t\t\t\t\t<div class=\"post_descr\">\n\t\t\t\t\t\t<p><\/p><div class=\"post_info\">\n\t\t\t<span class=\"post_info_item post_info_posted\"> <a href=\"https:\/\/www.grafschaftslauf.de\/web\/2024\/02\/28\/anmeldung-geoeffnet-10km-und-wandern-neu-dabei\/\" class=\"post_info_date\">28. Februar 2024<\/a><\/span>\n\t\t\t\t<span class=\"post_info_item post_info_counters\">\t<a class=\"post_counters_item post_counters_comments icon-comment_icon\" title=\"Comments - 3\" href=\"https:\/\/www.grafschaftslauf.de\/web\/2024\/02\/28\/anmeldung-geoeffnet-10km-und-wandern-neu-dabei\/#comments\"><span class=\"post_counters_number\">3<\/span><\/a>\n\t\t<a class=\"post_counters_item post_counters_likes icon-like_icon enabled\" title=\"Like\" href=\"#\"\n\t\tdata-postid=\"3119\"\n\t\tdata-likes=\"11\"\n\t\tdata-title-like=\"Like\"\n\t\tdata-title-dislike=\"Dislike\"><span class=\"post_counters_number\">11<\/span><\/a>\n\t<\/span>\n\t\t<\/div>\t\t\t\t\t<\/div>\n\n\t\t\t\t<\/div>\t\t\t\t<!-- \/.post_content -->\n\t\t\t<\/div>\t<!-- \/.post_item -->\n\t\t<\/div>\t\t\t\t\t\t<!-- \/.isotope_item -->\n\t\t\t\t<div class=\"isotope_item isotope_item_classic isotope_item_classic_4 isotope_column_4\t\t\t\t\t\">\n\t\t\t<div class=\"post_item post_item_classic post_item_classic_4\t\t\t\t  post_format_standard odd last\">\n\t\t\t\t\n\t\t\t\t\t\t\t\t\t<div class=\"post_featured\">\n\t\t\t\t\t\t\t<div class=\"post_thumb\" data-image=\"https:\/\/www.grafschaftslauf.de\/web\/wp-content\/uploads\/2024\/01\/415181985_17999046692359073_1455301384143025037_n.jpg\" data-title=\"Frohes neues Jahr \/ Anmeldung\">\n\t<a class=\"hover_icon hover_icon_link\" href=\"https:\/\/www.grafschaftslauf.de\/web\/2024\/01\/02\/frohes-neues-jahr-anmeldung\/\"><img loading=\"lazy\" decoding=\"async\" class=\"wp-post-image\" width=\"370\" height=\"370\" alt=\"Frohes neues Jahr \/ Anmeldung\" src=\"https:\/\/www.grafschaftslauf.de\/web\/wp-content\/uploads\/2024\/01\/415181985_17999046692359073_1455301384143025037_n-370x370.jpg\"><\/a>\t<\/div>\n\t\t\t\t\t\t<\/div>\n\t\t\t\t\n\t\t\t\t<div class=\"post_content isotope_item_content\">\n\t\t\t\t\t\n\t\t\t\t\t\t\t\t\t\t\t\t<h5 class=\"post_title\">Frohes neues Jahr \/ Anmeldung<\/h5>\n\t\t\t\t\t\t\t\n\t\t\t\t\t<div class=\"post_descr\">\n\t\t\t\t\t\t<p><\/p><div class=\"post_info\">\n\t\t\t<span class=\"post_info_item post_info_posted\"> <a href=\"https:\/\/www.grafschaftslauf.de\/web\/2024\/01\/02\/frohes-neues-jahr-anmeldung\/\" class=\"post_info_date\">2. Januar 2024<\/a><\/span>\n\t\t\t\t<span class=\"post_info_item post_info_counters\">\t<a class=\"post_counters_item post_counters_comments icon-comment_icon\" title=\"Comments - 0\" href=\"https:\/\/www.grafschaftslauf.de\/web\/2024\/01\/02\/frohes-neues-jahr-anmeldung\/#respond\"><span class=\"post_counters_number\">0<\/span><\/a>\n\t\t<a class=\"post_counters_item post_counters_likes icon-like_icon enabled\" title=\"Like\" href=\"#\"\n\t\tdata-postid=\"3110\"\n\t\tdata-likes=\"2\"\n\t\tdata-title-like=\"Like\"\n\t\tdata-title-dislike=\"Dislike\"><span class=\"post_counters_number\">2<\/span><\/a>\n\t<\/span>\n\t\t<\/div>\t\t\t\t\t<\/div>\n\n\t\t\t\t<\/div>\t\t\t\t<!-- \/.post_content -->\n\t\t\t<\/div>\t<!-- \/.post_item -->\n\t\t<\/div>\t\t\t\t\t\t<!-- \/.isotope_item -->\n\t\t<\/div><\/div><\/div><div id=\"sc_blogger_1071779952_scroll_bar\" class=\"sc_scroll_bar sc_scroll_bar_horizontal sc_blogger_1071779952_scroll_bar\"><\/div><\/div><\/div>[\/vc_column][\/vc_row][vc_row full_width=&#8221;stretch_row&#8221; css=&#8221;.vc_custom_1463145258120{margin-top: 4.6rem !important;padding-top: 7.6rem !important;padding-bottom: 7rem !important;background-color: #ffffff !important;}&#8221;][vc_column]<div class=\"sc_content content_wrap\">[vc_column_text]<\/p>\n<section class=\"post_content\">\n<h3>Laufend Geschichte erleben!<\/h3>\n<p>&nbsp;<\/p>\n<p>Der neue Grafschaftslauf verbindet die drei, f\u00fcr die damalige Grafschaft Rietberg bedeutenden, St\u00e4dte Rietberg, Verl und Schlo\u00df Holte-Stukenbrock miteinander. Gemeinsam wollen wir die historisch so bedeutsame Geschichte ein wenig aufleben lassen und \u201elaufend Geschichte erleben\u201c. Gestartet wird am Gut Rietberg, wo fr\u00fcher das Schloss Rietberg stand. Nach Passieren der prachtvollen Schlo\u00dfstra\u00dfe geht es direkt in die Rietberger Innenstadt vorbei am Rathaus und dem Haus M\u00fcnte weiter entlang der Ems bis zum Gartenschaugel\u00e4nde. Das erste Stimmungsnest erwartet die L\u00e4ufer in Westerwiehe, hier ist auch der erste Staffelwechsel. Die abwechslungsreiche Strecke f\u00fchrt anschlie\u00dfend \u00fcber Landschaftswege vorbei am Naturschutzgebiet Steinhorster Becken hinein nach Kaunitz, wo in der Ostwestfalenhalle das n\u00e4chste Stimmungshighlight und der zweite Staffelwechsel auf Euch warten. Nach dem Passieren der Kaunitzer Kirche St. Maria Immaculata geht es weiter Richtung Liemke. Im Bereich des Vereinsgel\u00e4ndes vom SCW Liemke und den St. Michael-Sch\u00fctzen wird Euch nochmals ordentlich eingeheizt und das Stimmungsbarometer erreicht einen weiteren H\u00f6hepunkt bevor es die letzten Kilometer ruhig und besinnlich durch den Holter Wald geht, wo am Ende des Waldes das Jagdschloss zur Holte auf Euch wartet und die perfekte Kulisse f\u00fcr Euren Zieleinlauf bietet.<\/p>\n<p>Lasst uns gemeinsam \u201elaufend Geschichte erleben\u201c! Wir freuen uns auf Euch!<\/p>\n<\/section>\n<p>[\/vc_column_text]<\/div><div id=\"popup_video\" class=\"sc_popup mfp-with-anim mfp-hide\"><video class=\"sc_video\" src=\"https:\/\/player.vimeo.com\/video\/77230649\" width=\"100%\" height=\"\" data-width=\"100%\" data-height=\"\" data-ratio=\"16:9\" poster=\"https:\/\/www.grafschaftslauf.de\/web\/wp-content\/uploads\/2024\/01\/415181985_17999046692359073_1455301384143025037_n.jpg\" data-image=\"https:\/\/www.grafschaftslauf.de\/web\/wp-content\/uploads\/2024\/01\/415181985_17999046692359073_1455301384143025037_n.jpg\" style=\"width:100%;\" autoplay=\"autoplay\" controls=\"controls\" loop=\"loop\"><\/video><\/div>[\/vc_column][\/vc_row][vc_row full_width=&#8221;stretch_row&#8221; inverse=&#8221;yes&#8221; css=&#8221;.vc_custom_1570019786864{padding-top: 7.6rem !important;padding-bottom: 7.6rem !important;background-image: url(https:\/\/www.grafschaftslauf.de\/web\/wp-content\/uploads\/revslider\/home\/slide3.jpg?id=2570) !important;background-position: center !important;background-repeat: no-repeat !important;background-size: cover !important;}&#8221;][vc_column]<div class=\"sc_section sc_section_block margin_top_null margin_bottom_null aligncenter\"><div class=\"sc_section_inner\"><h6 class=\"sc_section_subtitle sc_item_subtitle\">30.08.2026<\/h6><h2 class=\"sc_section_title sc_item_title\">Grafschaftslauf<\/h2><div class=\"sc_section_content_wrap\"><div id=\"sc_countdown_72426236\" class=\"sc_countdown sc_countdown_style_1 aligncenter\" data-date=\"2026-08-30\" data-time=\"11:00:00\"><div class=\"sc_countdown_inner\"><div class=\"sc_countdown_item sc_countdown_days\"><span class=\"sc_countdown_digits\"><span><\/span><span><\/span><span><\/span><\/span><span class=\"sc_countdown_label\">Days<\/span><\/div><div class=\"sc_countdown_separator\">:<\/div><div class=\"sc_countdown_item sc_countdown_hours\"><span class=\"sc_countdown_digits\"><span><\/span><span><\/span><\/span><span class=\"sc_countdown_label\">Hours<\/span><\/div><div class=\"sc_countdown_separator\">:<\/div><div class=\"sc_countdown_item sc_countdown_minutes\"><span class=\"sc_countdown_digits\"><span><\/span><span><\/span><\/span><span class=\"sc_countdown_label\">Minutes<\/span><\/div><div class=\"sc_countdown_separator\">:<\/div><div class=\"sc_countdown_item sc_countdown_seconds\"><span class=\"sc_countdown_digits\"><span><\/span><span><\/span><\/span><span class=\"sc_countdown_label\">Seconds<\/span><\/div><div class=\"sc_countdown_placeholder hide\"><\/div><\/div><\/div><a href=\"https:\/\/portal.run-timing.de\/943\/registration\" target=\"_blank\" class=\"sc_button sc_button_round sc_button_style_filled sc_button_size_large margin_top_medium\">Ab 01.01.2026 anmelden!<\/a><\/div><\/div><\/div>[\/vc_column][\/vc_row][vc_row full_width=&#8221;stretch_row_content_no_spaces&#8221; css=&#8221;.vc_custom_1463128442114{background-color: #ffffff !important;}&#8221;][vc_column]<div class=\"sc_promo left sc_promo_size_large\"><div class=\"sc_promo_inner\"><div class=\"sc_promo_image\" style=\"background-image:url(https:\/\/www.grafschaftslauf.de\/web\/wp-content\/uploads\/2020\/02\/Karte_wechsel.jpg);width:50%;left: 0;\"><\/div><div class=\"sc_promo_block sc_align_left\" style=\"width: 50%; float: right;\"><div class=\"sc_promo_block_inner  content_align\"><div class=\"sc_promo_content\"><blockquote class=\"sc_quote\"><p><\/p>\n<ul>\n<li>\n<h5>Streckenl\u00e4nge 28,5 km<\/h5>\n<\/li>\n<li>\n<h5>Einzelrennen oder Teamlauf als 3er-Staffel<\/h5>\n<\/li>\n<li>\n<h5>Startschuss auf dem Gut Rietberg<\/h5>\n<\/li>\n<li>\n<h5>Ziel ist das Schlo\u00df Holte<\/h5>\n<\/li>\n<li>\n<h5>Viele Fanmeilen und eine Streckenf\u00fchrung durch die Ostwestfalenhalle in Kaunitz<\/h5>\n<\/li>\n<li>\n<h5>Und vieles mehr &#8230;<\/h5>\n<\/li>\n<\/ul>\n<p><\/p><\/blockquote><\/div><\/div><\/div><\/div><\/div>[\/vc_column][\/vc_row][vc_row css=&#8221;.vc_custom_1463138419717{margin-top: 4rem !important;border-top-width: 1px !important;padding-top: 4.5rem !important;padding-bottom: 4.5rem !important;border-top-color: #d0d0d0 !important;border-top-style: solid !important;}&#8221;][vc_column]<div class=\"sc_emailer aligncenter sc_emailer_opened\"><h4 class=\"sc_emailer_title icon-icon3\">Trage dich in unseren Newsletter ein!<\/h4><div class=\"delimiter\"><\/div><form class=\"sc_emailer_form\"><input type=\"text\" class=\"sc_emailer_input\" name=\"email\" value=\"\" placeholder=\"Enter your email\"><button class=\"sc_emailer_button sc_button sc_button_round sc_button_style_filled sc_button_size_large\" title=\"Sign up\" data-group=\"E-mailer subscription\"  disabled=\"disabled\">Sign up<\/button><div class=\"sc_form_field sc_form_field_checkbox\">\n                  <input type=\"checkbox\" id=\"i_agree_privacy_policy_sc_form_1\" name=\"i_agree_privacy_policy\" class=\"sc_form_privacy_checkbox\" value=\"1\">\n                  <label for=\"i_agree_privacy_policy_sc_form_1\">I agree that my submitted data is being collected and stored. For further details on handling user data, see our <a href=\"https:\/\/www.grafschaftslauf.de\/web\/datenschutz\/\" target=\"_blank\">Privacy Policy<\/a><\/label><\/div><\/form><\/div>[\/vc_column][\/vc_row]<\/p>\n","protected":false},"excerpt":{"rendered":"<p>[vc_row css=&#8221;.vc_custom_1569822495553{margin-top: 7.6rem !important;}&#8221; el_id=&#8221;neuigkeiten&#8221;][vc_column][\/vc_column][\/vc_row][vc_row full_width=&#8221;stretch_row&#8221; css=&#8221;.vc_custom_1463145258120{margin-top: 4.6rem !important;padding-top: 7.6rem !important;padding-bottom: 7rem !important;background-color: #ffffff !important;}&#8221;][vc_column][\/vc_column][\/vc_row][vc_row full_width=&#8221;stretch_row&#8221; inverse=&#8221;yes&#8221; css=&#8221;.vc_custom_1570019786864{padding-top: 7.6rem !important;padding-bottom: 7.6rem !important;background-image: url(https:\/\/www.grafschaftslauf.de\/web\/wp-content\/uploads\/revslider\/home\/slide3.jpg?id=2570) !important;background-position: center !important;background-repeat: no-repeat !important;background-size: cover !important;}&#8221;][vc_column][\/vc_column][\/vc_row][vc_row [&hellip;]<\/p>\n","protected":false},"author":1,"featured_media":0,"parent":0,"menu_order":0,"comment_status":"closed","ping_status":"closed","template":"","meta":{"_bbp_topic_count":0,"_bbp_reply_count":0,"_bbp_total_topic_count":0,"_bbp_total_reply_count":0,"_bbp_voice_count":0,"_bbp_anonymous_reply_count":0,"_bbp_topic_count_hidden":0,"_bbp_reply_count_hidden":0,"_bbp_forum_subforum_count":0,"footnotes":""},"class_list":["post-1043","page","type-page","status-publish","hentry"],"_links":{"self":[{"href":"https:\/\/www.grafschaftslauf.de\/web\/wp-json\/wp\/v2\/pages\/1043"}],"collection":[{"href":"https:\/\/www.grafschaftslauf.de\/web\/wp-json\/wp\/v2\/pages"}],"about":[{"href":"https:\/\/www.grafschaftslauf.de\/web\/wp-json\/wp\/v2\/types\/page"}],"author":[{"embeddable":true,"href":"https:\/\/www.grafschaftslauf.de\/web\/wp-json\/wp\/v2\/users\/1"}],"replies":[{"embeddable":true,"href":"https:\/\/www.grafschaftslauf.de\/web\/wp-json\/wp\/v2\/comments?post=1043"}],"version-history":[{"count":49,"href":"https:\/\/www.grafschaftslauf.de\/web\/wp-json\/wp\/v2\/pages\/1043\/revisions"}],"predecessor-version":[{"id":3238,"href":"https:\/\/www.grafschaftslauf.de\/web\/wp-json\/wp\/v2\/pages\/1043\/revisions\/3238"}],"wp:attachment":[{"href":"https:\/\/www.grafschaftslauf.de\/web\/wp-json\/wp\/v2\/media?parent=1043"}],"curies":[{"name":"wp","href":"https:\/\/api.w.org\/{rel}","templated":true}]}}